{"id":2216,"date":"2022-02-06T17:20:14","date_gmt":"2022-02-06T16:20:14","guid":{"rendered":"https:\/\/veveyspringclassic.ch\/?page_id=2216"},"modified":"2022-02-06T17:22:04","modified_gmt":"2022-02-06T16:22:04","slug":"yumeka-nagakawa","status":"publish","type":"page","link":"https:\/\/veveyspringclassic.ch\/en\/yumeka-nagakawa\/","title":{"rendered":"Yumeka Nagakawa"},"content":{"rendered":"\n<p>piano<\/p>\n\n\n\n<div class=\"wp-block-image\"><figure class=\"aligncenter size-large is-resized\"><img decoding=\"async\" src=\"https:\/\/veveyspringclassic.ch\/wp-content\/uploads\/2022\/02\/Finale_ClaraHaskil2021_32_photoCelineMichelREVU-689x1024.jpg\" alt=\"\" class=\"wp-image-2210\" width=\"345\" height=\"512\" srcset=\"https:\/\/veveyspringclassic.ch\/wp-content\/uploads\/2022\/02\/Finale_ClaraHaskil2021_32_photoCelineMichelREVU-689x1024.jpg 689w, https:\/\/veveyspringclassic.ch\/wp-content\/uploads\/2022\/02\/Finale_ClaraHaskil2021_32_photoCelineMichelREVU-202x300.jpg 202w, https:\/\/veveyspringclassic.ch\/wp-content\/uploads\/2022\/02\/Finale_ClaraHaskil2021_32_photoCelineMichelREVU-101x150.jpg 101w, https:\/\/veveyspringclassic.ch\/wp-content\/uploads\/2022\/02\/Finale_ClaraHaskil2021_32_photoCelineMichelREVU-768x1141.jpg 768w, https:\/\/veveyspringclassic.ch\/wp-content\/uploads\/2022\/02\/Finale_ClaraHaskil2021_32_photoCelineMichelREVU-1034x1536.jpg 1034w, https:\/\/veveyspringclassic.ch\/wp-content\/uploads\/2022\/02\/Finale_ClaraHaskil2021_32_photoCelineMichelREVU.jpg 1226w\" sizes=\"(max-width: 345px) 100vw, 345px\" \/><\/figure><\/div>\n\n\n\n<p>Winner of the prestigious 2021 Prix Clara Haskil as well as the Audience Award and Children\u2019s Corner Award, the brilliant young pianist Yumeka Nakagawa was born in D\u00fcsseldorf, Germany in 2001 and started playing the piano at the age of 4. In her early days, she was a student at the \u201cRobert Schumann Hochschule\u201d in D\u00fcsseldorf where she studied under the tutelage of Prof. Barbara Szczepanska and continued as a student of Prof. William Fong at the Purcell School in England. Since April 2021 she has been studying in the class of Prof. Grigory Gruzman at the \u201cFranz Liszt Hochschule f\u00fcr Musik\u201d in Weimar.<\/p>\n\n\n\n<p>Yumeka Nakagawa is a prize winner of numerous international piano competitions, such as Steinway Competition in Hamburg, Franz Liszt Competition in Weimar, Jen\u00f6 Tak\u00e1cs Competition in Obersch\u00fctzen and Robert Schumann Competition in D\u00fcsseldorf. As a soloist, she has already performed with the D\u00fcsseldorf Symphony Orchestra under conductor Zoi Tsokanou in Tonhalle D\u00fcsseldorf and the Jenaer Symphony Orchestra under conductor Markus L. Frank in Congress Centrum Weimarhalle.<\/p>\n\n\n\n<p>As part of her prize winning the 2021 Concours International de Piano Clara Haskil, Yumeka Nakagawa is invited to perform a solo recital in the inaugural edition of Vevey Spring Classic festival. The Association Concours Clara Haskil and Vevey Spring Classic festival are artistic partners.<\/p>\n","protected":false},"excerpt":{"rendered":"<p>piano Winner of the prestigious 2021 Prix Clara Haskil as well as the Audience Award and Children\u2019s Corner Award, the brilliant young pianist Yumeka Nakagawa was born in D\u00fcsseldorf, Germany in 2001 and started playing the piano at the age of 4. In her early days, she was a student at the \u201cRobert Schumann Hochschule\u201d [&hellip;]<\/p>\n","protected":false},"author":4,"featured_media":0,"parent":0,"menu_order":0,"comment_status":"closed","ping_status":"closed","template":"","meta":{"_acf_changed":false,"footnotes":""},"class_list":["post-2216","page","type-page","status-publish","hentry"],"acf":[],"yoast_head":"<!-- This site is optimized with the Yoast SEO plugin v27.2 - https:\/\/yoast.com\/product\/yoast-seo-wordpress\/ -->\n<title>Yumeka Nagakawa - Vevey Spring Classic<\/title>\n<meta name=\"robots\" content=\"index, follow, max-snippet:-1, max-image-preview:large, max-video-preview:-1\" \/>\n<link rel=\"canonical\" href=\"https:\/\/veveyspringclassic.ch\/en\/yumeka-nagakawa\/\" \/>\n<meta property=\"og:locale\" content=\"en_US\" \/>\n<meta property=\"og:type\" content=\"article\" \/>\n<meta property=\"og:title\" content=\"Yumeka Nagakawa - Vevey Spring Classic\" \/>\n<meta property=\"og:description\" content=\"piano Winner of the prestigious 2021 Prix Clara Haskil as well as the Audience Award and Children\u2019s Corner Award, the brilliant young pianist Yumeka Nakagawa was born in D\u00fcsseldorf, Germany in 2001 and started playing the piano at the age of 4. In her early days, she was a student at the \u201cRobert Schumann Hochschule\u201d [&hellip;]\" \/>\n<meta property=\"og:url\" content=\"https:\/\/veveyspringclassic.ch\/en\/yumeka-nagakawa\/\" \/>\n<meta property=\"og:site_name\" content=\"Vevey Spring Classic\" \/>\n<meta property=\"article:publisher\" content=\"https:\/\/www.facebook.com\/veveyspringclassic\/\" \/>\n<meta property=\"article:modified_time\" content=\"2022-02-06T16:22:04+00:00\" \/>\n<meta property=\"og:image\" content=\"https:\/\/veveyspringclassic.ch\/wp-content\/uploads\/2022\/02\/Finale_ClaraHaskil2021_32_photoCelineMichelREVU-689x1024.jpg\" \/>\n<meta name=\"twitter:card\" content=\"summary_large_image\" \/>\n<meta name=\"twitter:label1\" content=\"Est. reading time\" \/>\n\t<meta name=\"twitter:data1\" content=\"2 minutes\" \/>\n<script type=\"application\/ld+json\" class=\"yoast-schema-graph\">{\"@context\":\"https:\/\/schema.org\",\"@graph\":[{\"@type\":\"WebPage\",\"@id\":\"https:\/\/veveyspringclassic.ch\/en\/yumeka-nagakawa\/\",\"url\":\"https:\/\/veveyspringclassic.ch\/en\/yumeka-nagakawa\/\",\"name\":\"Yumeka Nagakawa - Vevey Spring Classic\",\"isPartOf\":{\"@id\":\"https:\/\/veveyspringclassic.ch\/en\/#website\"},\"primaryImageOfPage\":{\"@id\":\"https:\/\/veveyspringclassic.ch\/en\/yumeka-nagakawa\/#primaryimage\"},\"image\":{\"@id\":\"https:\/\/veveyspringclassic.ch\/en\/yumeka-nagakawa\/#primaryimage\"},\"thumbnailUrl\":\"https:\/\/veveyspringclassic.ch\/wp-content\/uploads\/2022\/02\/Finale_ClaraHaskil2021_32_photoCelineMichelREVU-689x1024.jpg\",\"datePublished\":\"2022-02-06T16:20:14+00:00\",\"dateModified\":\"2022-02-06T16:22:04+00:00\",\"breadcrumb\":{\"@id\":\"https:\/\/veveyspringclassic.ch\/en\/yumeka-nagakawa\/#breadcrumb\"},\"inLanguage\":\"en-US\",\"potentialAction\":[{\"@type\":\"ReadAction\",\"target\":[\"https:\/\/veveyspringclassic.ch\/en\/yumeka-nagakawa\/\"]}]},{\"@type\":\"ImageObject\",\"inLanguage\":\"en-US\",\"@id\":\"https:\/\/veveyspringclassic.ch\/en\/yumeka-nagakawa\/#primaryimage\",\"url\":\"https:\/\/veveyspringclassic.ch\/wp-content\/uploads\/2022\/02\/Finale_ClaraHaskil2021_32_photoCelineMichelREVU-689x1024.jpg\",\"contentUrl\":\"https:\/\/veveyspringclassic.ch\/wp-content\/uploads\/2022\/02\/Finale_ClaraHaskil2021_32_photoCelineMichelREVU-689x1024.jpg\"},{\"@type\":\"BreadcrumbList\",\"@id\":\"https:\/\/veveyspringclassic.ch\/en\/yumeka-nagakawa\/#breadcrumb\",\"itemListElement\":[{\"@type\":\"ListItem\",\"position\":1,\"name\":\"Home\",\"item\":\"https:\/\/veveyspringclassic.ch\/en\/\"},{\"@type\":\"ListItem\",\"position\":2,\"name\":\"Yumeka Nagakawa\"}]},{\"@type\":\"WebSite\",\"@id\":\"https:\/\/veveyspringclassic.ch\/en\/#website\",\"url\":\"https:\/\/veveyspringclassic.ch\/en\/\",\"name\":\"Vevey Spring Classic\",\"description\":\"\",\"publisher\":{\"@id\":\"https:\/\/veveyspringclassic.ch\/en\/#organization\"},\"potentialAction\":[{\"@type\":\"SearchAction\",\"target\":{\"@type\":\"EntryPoint\",\"urlTemplate\":\"https:\/\/veveyspringclassic.ch\/en\/?s={search_term_string}\"},\"query-input\":{\"@type\":\"PropertyValueSpecification\",\"valueRequired\":true,\"valueName\":\"search_term_string\"}}],\"inLanguage\":\"en-US\"},{\"@type\":\"Organization\",\"@id\":\"https:\/\/veveyspringclassic.ch\/en\/#organization\",\"name\":\"Vevey Spring Classic\",\"url\":\"https:\/\/veveyspringclassic.ch\/en\/\",\"logo\":{\"@type\":\"ImageObject\",\"inLanguage\":\"en-US\",\"@id\":\"https:\/\/veveyspringclassic.ch\/en\/#\/schema\/logo\/image\/\",\"url\":\"https:\/\/veveyspringclassic.ch\/wp-content\/uploads\/2024\/06\/logo.png\",\"contentUrl\":\"https:\/\/veveyspringclassic.ch\/wp-content\/uploads\/2024\/06\/logo.png\",\"width\":1024,\"height\":1024,\"caption\":\"Vevey Spring Classic\"},\"image\":{\"@id\":\"https:\/\/veveyspringclassic.ch\/en\/#\/schema\/logo\/image\/\"},\"sameAs\":[\"https:\/\/www.facebook.com\/veveyspringclassic\/\"]}]}<\/script>\n<!-- \/ Yoast SEO plugin. -->","yoast_head_json":{"title":"Yumeka Nagakawa - Vevey Spring Classic","robots":{"index":"index","follow":"follow","max-snippet":"max-snippet:-1","max-image-preview":"max-image-preview:large","max-video-preview":"max-video-preview:-1"},"canonical":"https:\/\/veveyspringclassic.ch\/en\/yumeka-nagakawa\/","og_locale":"en_US","og_type":"article","og_title":"Yumeka Nagakawa - Vevey Spring Classic","og_description":"piano Winner of the prestigious 2021 Prix Clara Haskil as well as the Audience Award and Children\u2019s Corner Award, the brilliant young pianist Yumeka Nakagawa was born in D\u00fcsseldorf, Germany in 2001 and started playing the piano at the age of 4. In her early days, she was a student at the \u201cRobert Schumann Hochschule\u201d [&hellip;]","og_url":"https:\/\/veveyspringclassic.ch\/en\/yumeka-nagakawa\/","og_site_name":"Vevey Spring Classic","article_publisher":"https:\/\/www.facebook.com\/veveyspringclassic\/","article_modified_time":"2022-02-06T16:22:04+00:00","og_image":[{"url":"https:\/\/veveyspringclassic.ch\/wp-content\/uploads\/2022\/02\/Finale_ClaraHaskil2021_32_photoCelineMichelREVU-689x1024.jpg","type":"","width":"","height":""}],"twitter_card":"summary_large_image","twitter_misc":{"Est. reading time":"2 minutes"},"schema":{"@context":"https:\/\/schema.org","@graph":[{"@type":"WebPage","@id":"https:\/\/veveyspringclassic.ch\/en\/yumeka-nagakawa\/","url":"https:\/\/veveyspringclassic.ch\/en\/yumeka-nagakawa\/","name":"Yumeka Nagakawa - Vevey Spring Classic","isPartOf":{"@id":"https:\/\/veveyspringclassic.ch\/en\/#website"},"primaryImageOfPage":{"@id":"https:\/\/veveyspringclassic.ch\/en\/yumeka-nagakawa\/#primaryimage"},"image":{"@id":"https:\/\/veveyspringclassic.ch\/en\/yumeka-nagakawa\/#primaryimage"},"thumbnailUrl":"https:\/\/veveyspringclassic.ch\/wp-content\/uploads\/2022\/02\/Finale_ClaraHaskil2021_32_photoCelineMichelREVU-689x1024.jpg","datePublished":"2022-02-06T16:20:14+00:00","dateModified":"2022-02-06T16:22:04+00:00","breadcrumb":{"@id":"https:\/\/veveyspringclassic.ch\/en\/yumeka-nagakawa\/#breadcrumb"},"inLanguage":"en-US","potentialAction":[{"@type":"ReadAction","target":["https:\/\/veveyspringclassic.ch\/en\/yumeka-nagakawa\/"]}]},{"@type":"ImageObject","inLanguage":"en-US","@id":"https:\/\/veveyspringclassic.ch\/en\/yumeka-nagakawa\/#primaryimage","url":"https:\/\/veveyspringclassic.ch\/wp-content\/uploads\/2022\/02\/Finale_ClaraHaskil2021_32_photoCelineMichelREVU-689x1024.jpg","contentUrl":"https:\/\/veveyspringclassic.ch\/wp-content\/uploads\/2022\/02\/Finale_ClaraHaskil2021_32_photoCelineMichelREVU-689x1024.jpg"},{"@type":"BreadcrumbList","@id":"https:\/\/veveyspringclassic.ch\/en\/yumeka-nagakawa\/#breadcrumb","itemListElement":[{"@type":"ListItem","position":1,"name":"Home","item":"https:\/\/veveyspringclassic.ch\/en\/"},{"@type":"ListItem","position":2,"name":"Yumeka Nagakawa"}]},{"@type":"WebSite","@id":"https:\/\/veveyspringclassic.ch\/en\/#website","url":"https:\/\/veveyspringclassic.ch\/en\/","name":"Vevey Spring Classic","description":"","publisher":{"@id":"https:\/\/veveyspringclassic.ch\/en\/#organization"},"potentialAction":[{"@type":"SearchAction","target":{"@type":"EntryPoint","urlTemplate":"https:\/\/veveyspringclassic.ch\/en\/?s={search_term_string}"},"query-input":{"@type":"PropertyValueSpecification","valueRequired":true,"valueName":"search_term_string"}}],"inLanguage":"en-US"},{"@type":"Organization","@id":"https:\/\/veveyspringclassic.ch\/en\/#organization","name":"Vevey Spring Classic","url":"https:\/\/veveyspringclassic.ch\/en\/","logo":{"@type":"ImageObject","inLanguage":"en-US","@id":"https:\/\/veveyspringclassic.ch\/en\/#\/schema\/logo\/image\/","url":"https:\/\/veveyspringclassic.ch\/wp-content\/uploads\/2024\/06\/logo.png","contentUrl":"https:\/\/veveyspringclassic.ch\/wp-content\/uploads\/2024\/06\/logo.png","width":1024,"height":1024,"caption":"Vevey Spring Classic"},"image":{"@id":"https:\/\/veveyspringclassic.ch\/en\/#\/schema\/logo\/image\/"},"sameAs":["https:\/\/www.facebook.com\/veveyspringclassic\/"]}]}},"_links":{"self":[{"href":"https:\/\/veveyspringclassic.ch\/en\/wp-json\/wp\/v2\/pages\/2216","targetHints":{"allow":["GET"]}}],"collection":[{"href":"https:\/\/veveyspringclassic.ch\/en\/wp-json\/wp\/v2\/pages"}],"about":[{"href":"https:\/\/veveyspringclassic.ch\/en\/wp-json\/wp\/v2\/types\/page"}],"author":[{"embeddable":true,"href":"https:\/\/veveyspringclassic.ch\/en\/wp-json\/wp\/v2\/users\/4"}],"replies":[{"embeddable":true,"href":"https:\/\/veveyspringclassic.ch\/en\/wp-json\/wp\/v2\/comments?post=2216"}],"version-history":[{"count":2,"href":"https:\/\/veveyspringclassic.ch\/en\/wp-json\/wp\/v2\/pages\/2216\/revisions"}],"predecessor-version":[{"id":2218,"href":"https:\/\/veveyspringclassic.ch\/en\/wp-json\/wp\/v2\/pages\/2216\/revisions\/2218"}],"wp:attachment":[{"href":"https:\/\/veveyspringclassic.ch\/en\/wp-json\/wp\/v2\/media?parent=2216"}],"curies":[{"name":"wp","href":"https:\/\/api.w.org\/{rel}","templated":true}]}}