{"id":209,"date":"2020-12-15T13:26:25","date_gmt":"2020-12-15T12:26:25","guid":{"rendered":"https:\/\/veveyspringclassic.ch\/?page_id=209"},"modified":"2026-03-05T18:08:35","modified_gmt":"2026-03-05T17:08:35","slug":"organization","status":"publish","type":"page","link":"https:\/\/veveyspringclassic.ch\/en\/organization\/","title":{"rendered":"team"},"content":{"rendered":"\n<p><strong>General Information<\/strong>:&nbsp;<a href=\"mailto:info@veveyspringclassic.ch\">info@veveyspringclassic.ch<\/a><\/p>\n\n\n\n<div class=\"wp-block-columns is-layout-flex wp-container-core-columns-is-layout-9d6595d7 wp-block-columns-is-layout-flex\">\n<div class=\"wp-block-column is-layout-flow wp-block-column-is-layout-flow\">\n<p><strong>Wilson Hermanto<\/strong><br><em>Co-Artistic Director<\/em><br><a href=\"mailto:wilson.hermanto@veveyspringclassic.ch\">wilson.hermanto@veveyspringclassic.ch<\/a><\/p>\n\n\n\n<p><strong>Daniel M\u00fcller-Schott<\/strong><br><em>Co-Artistic Director<\/em><br><a href=\"mailto:daniel.muller-schott@veveyspringclassic.ch\">daniel.muller-schott@veveyspringclassic.ch<\/a><\/p>\n\n\n\n<p><strong>Elisabeth Mayer<\/strong> <br><em>Secretary General<\/em><br><a href=\"mailto:bab.mayer@veveyspringclassic.ch\" target=\"_blank\" rel=\"noreferrer noopener\">bab.mayer@veveyspringclassic.ch<\/a><\/p>\n\n\n\n<p><strong><strong>Stanis\u0142aw Suchora<\/strong><\/strong><br><em>Operations Manager<\/em><br><a href=\"mailto:stanislaw.suchora@veveyspringclassic.ch\">stanislaw.suchora@veveyspringclassic.ch<\/a><\/p>\n\n\n\n<p><strong>El\u00e9onore Gruffel<br><\/strong><em>Sponsoring<\/em><br><a href=\"mailto:eleonore.gruffel@veveyspringclassic.ch\">eleonore.gruffel@veveyspringclassic.ch<\/a><\/p>\n<\/div>\n\n\n\n<div class=\"wp-block-column is-layout-flow wp-block-column-is-layout-flow\">\n<p><strong>James Jackson<\/strong><br><em>President<\/em><\/p>\n\n\n\n<p><strong>Lionel Vidoudez<\/strong><br><em>Treasurer<\/em><\/p>\n\n\n\n<p><strong><strong>Th\u00e9o Diblanc<\/strong><\/strong><br><em>Stage Manager<\/em><br><a href=\"mailto:theo.diblanc@veveyspringclassic.ch\">theo.diblanc@veveyspringclassic.ch<\/a><\/p>\n\n\n\n<p><strong><strong>Lenni Torgue, <strong>Alexis Bazelaire<\/strong><\/strong><\/strong><br><em>Stage Manager<\/em> <em>Assistants<\/em><\/p>\n\n\n\n<p><strong>Sandra Bernhard<\/strong><br><em>Webmaster<\/em><\/p>\n<\/div>\n<\/div>\n\n\n\n<h2 class=\"wp-block-heading\" id=\"contact\">Contact<\/h2>\n\n\n\n<div class=\"wp-block-columns is-layout-flex wp-container-core-columns-is-layout-9d6595d7 wp-block-columns-is-layout-flex\">\n<div class=\"wp-block-column is-layout-flow wp-block-column-is-layout-flow\" style=\"flex-basis:100%\"><style id=\"wpforms-css-vars-6006-block-e9994568-7ff4-406a-bfc7-306ec4fd2925\">\n\t\t\t\t#wpforms-6006.wpforms-block-e9994568-7ff4-406a-bfc7-306ec4fd2925 {\n\t\t\t\t--wpforms-field-size-input-height: 43px;\n--wpforms-field-size-input-spacing: 15px;\n--wpforms-field-size-font-size: 16px;\n--wpforms-field-size-line-height: 19px;\n--wpforms-field-size-padding-h: 14px;\n--wpforms-field-size-checkbox-size: 16px;\n--wpforms-field-size-sublabel-spacing: 5px;\n--wpforms-field-size-icon-size: 1;\n--wpforms-label-size-font-size: 16px;\n--wpforms-label-size-line-height: 19px;\n--wpforms-label-size-sublabel-font-size: 14px;\n--wpforms-label-size-sublabel-line-height: 17px;\n--wpforms-button-size-font-size: 17px;\n--wpforms-button-size-height: 41px;\n--wpforms-button-size-padding-h: 15px;\n--wpforms-button-size-margin-top: 10px;\n--wpforms-container-shadow-size-box-shadow: none;\n\t\t\t}\n\t\t\t<\/style><div class=\"wpforms-container wpforms-container-full wpforms-block wpforms-block-e9994568-7ff4-406a-bfc7-306ec4fd2925 wpforms-render-modern\" id=\"wpforms-6006\"><form id=\"wpforms-form-6006\" class=\"wpforms-validate wpforms-form wpforms-ajax-form\" data-formid=\"6006\" method=\"post\" enctype=\"multipart\/form-data\" action=\"\/en\/wp-json\/wp\/v2\/pages\/209\" data-token=\"aa4ccbd40adf2dc982ede9420b5aeade\" data-token-time=\"1775595219\"><noscript class=\"wpforms-error-noscript\">Please enable JavaScript in your browser to complete this form.<\/noscript><div id=\"wpforms-error-noscript\" style=\"display: none;\">Please enable JavaScript in your browser to complete this form.<\/div><div class=\"wpforms-field-container\"><div id=\"wpforms-6006-field_5-container\" class=\"wpforms-field wpforms-field-layout\" data-field-id=\"5\"><div class=\"wpforms-field-layout-rows wpforms-field-large\"><div class=\"wpforms-layout-row\"><div class=\"wpforms-layout-column wpforms-layout-column-50\"><div id=\"wpforms-6006-field_6-container\" class=\"wpforms-field wpforms-field-text\" data-field-id=\"6\"><label class=\"wpforms-field-label\" for=\"wpforms-6006-field_6\">First name <span class=\"wpforms-required-label\" aria-hidden=\"true\">*<\/span><\/label><input type=\"text\" id=\"wpforms-6006-field_6\" class=\"wpforms-field-medium wpforms-field-required\" name=\"wpforms[fields][6]\" aria-errormessage=\"wpforms-6006-field_6-error\" required><\/div><\/div><div class=\"wpforms-layout-column wpforms-layout-column-50\"><div id=\"wpforms-6006-field_7-container\" class=\"wpforms-field wpforms-field-text\" data-field-id=\"7\"><label class=\"wpforms-field-label\" for=\"wpforms-6006-field_7\">Last name <span class=\"wpforms-required-label\" aria-hidden=\"true\">*<\/span><\/label><input type=\"text\" id=\"wpforms-6006-field_7\" class=\"wpforms-field-medium wpforms-field-required\" name=\"wpforms[fields][7]\" aria-errormessage=\"wpforms-6006-field_7-error\" required><\/div><\/div><\/div><\/div><\/div><div id=\"wpforms-6006-field_2-container\" class=\"wpforms-field wpforms-field-email\" data-field-id=\"2\"><label class=\"wpforms-field-label\" for=\"wpforms-6006-field_2\">E-mail <span class=\"wpforms-required-label\" aria-hidden=\"true\">*<\/span><\/label><input type=\"email\" id=\"wpforms-6006-field_2\" class=\"wpforms-field-large wpforms-field-required\" name=\"wpforms[fields][2]\" spellcheck=\"false\" aria-errormessage=\"wpforms-6006-field_2-error\" required><\/div><div id=\"wpforms-6006-field_4-container\" class=\"wpforms-field wpforms-field-text\" data-field-id=\"4\"><label class=\"wpforms-field-label\" for=\"wpforms-6006-field_4\">Subject <span class=\"wpforms-required-label\" aria-hidden=\"true\">*<\/span><\/label><input type=\"text\" id=\"wpforms-6006-field_4\" class=\"wpforms-field-large wpforms-field-required\" name=\"wpforms[fields][4]\" aria-errormessage=\"wpforms-6006-field_4-error\" required><\/div>\t\t<div id=\"wpforms-6006-field_1-container\"\n\t\t\tclass=\"wpforms-field wpforms-field-text\"\n\t\t\tdata-field-type=\"text\"\n\t\t\tdata-field-id=\"1\"\n\t\t\t>\n\t\t\t<label class=\"wpforms-field-label\" for=\"wpforms-6006-field_1\" >name E-mail Message<\/label>\n\t\t\t<input type=\"text\" id=\"wpforms-6006-field_1\" class=\"wpforms-field-medium\" name=\"wpforms[fields][1]\" >\n\t\t<\/div>\n\t\t<div id=\"wpforms-6006-field_3-container\" class=\"wpforms-field wpforms-field-textarea\" data-field-id=\"3\"><label class=\"wpforms-field-label\" for=\"wpforms-6006-field_3\">Message <span class=\"wpforms-required-label\" aria-hidden=\"true\">*<\/span><\/label><textarea id=\"wpforms-6006-field_3\" class=\"wpforms-field-large wpforms-field-required\" name=\"wpforms[fields][3]\" aria-errormessage=\"wpforms-6006-field_3-error\" required><\/textarea><\/div><script>\n\t\t\t\t( function() {\n\t\t\t\t\tconst style = document.createElement( 'style' );\n\t\t\t\t\tstyle.appendChild( document.createTextNode( '#wpforms-6006-field_1-container { position: absolute !important; overflow: hidden !important; display: inline !important; height: 1px !important; width: 1px !important; z-index: -1000 !important; padding: 0 !important; } #wpforms-6006-field_1-container input { visibility: hidden; } #wpforms-conversational-form-page #wpforms-6006-field_1-container label { counter-increment: none; }' ) );\n\t\t\t\t\tdocument.head.appendChild( style );\n\t\t\t\t\tdocument.currentScript?.remove();\n\t\t\t\t} )();\n\t\t\t<\/script><\/div><!-- .wpforms-field-container --><div class=\"wpforms-recaptcha-container wpforms-is-recaptcha wpforms-is-recaptcha-type-v3\" ><input type=\"hidden\" name=\"wpforms[recaptcha]\" value=\"\"><\/div><div class=\"wpforms-submit-container\" ><input type=\"hidden\" name=\"wpforms[id]\" value=\"6006\"><input type=\"hidden\" name=\"page_title\" value=\"\"><input type=\"hidden\" name=\"page_url\" value=\"https:\/\/veveyspringclassic.ch\/en\/wp-json\/wp\/v2\/pages\/209\"><input type=\"hidden\" name=\"url_referer\" value=\"\"><button type=\"submit\" name=\"wpforms[submit]\" id=\"wpforms-submit-6006\" class=\"wpforms-submit\" data-alt-text=\"Sending...\" data-submit-text=\"Send\" aria-live=\"assertive\" value=\"wpforms-submit\">Send<\/button><img decoding=\"async\" src=\"https:\/\/veveyspringclassic.ch\/wp-content\/plugins\/wpforms\/assets\/images\/submit-spin.svg\" class=\"wpforms-submit-spinner\" style=\"display: none;\" width=\"26\" height=\"26\" alt=\"Loading\"><\/div><\/form><\/div>  <!-- .wpforms-container --><\/div>\n<\/div>\n","protected":false},"excerpt":{"rendered":"<p>General Information:&nbsp;info@veveyspringclassic.ch Wilson HermantoCo-Artistic Directorwilson.hermanto@veveyspringclassic.ch Daniel M\u00fcller-SchottCo-Artistic Directordaniel.muller-schott@veveyspringclassic.ch Elisabeth Mayer Secretary Generalbab.mayer@veveyspringclassic.ch Stanis\u0142aw SuchoraOperations Managerstanislaw.suchora@veveyspringclassic.ch El\u00e9onore GruffelSponsoringeleonore.gruffel@veveyspringclassic.ch James JacksonPresident Lionel VidoudezTreasurer Th\u00e9o DiblancStage Managertheo.diblanc@veveyspringclassic.ch Lenni Torgue, Alexis BazelaireStage Manager Assistants Sandra BernhardWebmaster Contact<\/p>\n","protected":false},"author":1,"featured_media":0,"parent":0,"menu_order":0,"comment_status":"closed","ping_status":"closed","template":"","meta":{"_acf_changed":false,"footnotes":""},"class_list":["post-209","page","type-page","status-publish","hentry"],"acf":[],"yoast_head":"<!-- This site is optimized with the Yoast SEO plugin v27.2 - https:\/\/yoast.com\/product\/yoast-seo-wordpress\/ -->\n<title>team - Vevey Spring Classic<\/title>\n<meta name=\"robots\" content=\"index, follow, max-snippet:-1, max-image-preview:large, max-video-preview:-1\" \/>\n<link rel=\"canonical\" href=\"https:\/\/veveyspringclassic.ch\/en\/organization\/\" \/>\n<meta property=\"og:locale\" content=\"en_US\" \/>\n<meta property=\"og:type\" content=\"article\" \/>\n<meta property=\"og:title\" content=\"team - Vevey Spring Classic\" \/>\n<meta property=\"og:description\" content=\"General Information:&nbsp;info@veveyspringclassic.ch Wilson HermantoCo-Artistic Directorwilson.hermanto@veveyspringclassic.ch Daniel M\u00fcller-SchottCo-Artistic Directordaniel.muller-schott@veveyspringclassic.ch Elisabeth Mayer Secretary Generalbab.mayer@veveyspringclassic.ch Stanis\u0142aw SuchoraOperations Managerstanislaw.suchora@veveyspringclassic.ch El\u00e9onore GruffelSponsoringeleonore.gruffel@veveyspringclassic.ch James JacksonPresident Lionel VidoudezTreasurer Th\u00e9o DiblancStage Managertheo.diblanc@veveyspringclassic.ch Lenni Torgue, Alexis BazelaireStage Manager Assistants Sandra BernhardWebmaster Contact\" \/>\n<meta property=\"og:url\" content=\"https:\/\/veveyspringclassic.ch\/en\/organization\/\" \/>\n<meta property=\"og:site_name\" content=\"Vevey Spring Classic\" \/>\n<meta property=\"article:publisher\" content=\"https:\/\/www.facebook.com\/veveyspringclassic\/\" \/>\n<meta property=\"article:modified_time\" content=\"2026-03-05T17:08:35+00:00\" \/>\n<meta property=\"og:image\" content=\"https:\/\/veveyspringclassic.ch\/wp-content\/uploads\/2024\/06\/logo.png\" \/>\n\t<meta property=\"og:image:width\" content=\"1024\" \/>\n\t<meta property=\"og:image:height\" content=\"1024\" \/>\n\t<meta property=\"og:image:type\" content=\"image\/png\" \/>\n<meta name=\"twitter:card\" content=\"summary_large_image\" \/>\n<meta name=\"twitter:label1\" content=\"Est. reading time\" \/>\n\t<meta name=\"twitter:data1\" content=\"1 minute\" \/>\n<script type=\"application\/ld+json\" class=\"yoast-schema-graph\">{\"@context\":\"https:\/\/schema.org\",\"@graph\":[{\"@type\":\"WebPage\",\"@id\":\"https:\/\/veveyspringclassic.ch\/en\/organization\/\",\"url\":\"https:\/\/veveyspringclassic.ch\/en\/organization\/\",\"name\":\"team - Vevey Spring Classic\",\"isPartOf\":{\"@id\":\"https:\/\/veveyspringclassic.ch\/en\/#website\"},\"datePublished\":\"2020-12-15T12:26:25+00:00\",\"dateModified\":\"2026-03-05T17:08:35+00:00\",\"breadcrumb\":{\"@id\":\"https:\/\/veveyspringclassic.ch\/en\/organization\/#breadcrumb\"},\"inLanguage\":\"en-US\",\"potentialAction\":[{\"@type\":\"ReadAction\",\"target\":[\"https:\/\/veveyspringclassic.ch\/en\/organization\/\"]}]},{\"@type\":\"BreadcrumbList\",\"@id\":\"https:\/\/veveyspringclassic.ch\/en\/organization\/#breadcrumb\",\"itemListElement\":[{\"@type\":\"ListItem\",\"position\":1,\"name\":\"Home\",\"item\":\"https:\/\/veveyspringclassic.ch\/en\/\"},{\"@type\":\"ListItem\",\"position\":2,\"name\":\"team\"}]},{\"@type\":\"WebSite\",\"@id\":\"https:\/\/veveyspringclassic.ch\/en\/#website\",\"url\":\"https:\/\/veveyspringclassic.ch\/en\/\",\"name\":\"Vevey Spring Classic\",\"description\":\"\",\"publisher\":{\"@id\":\"https:\/\/veveyspringclassic.ch\/en\/#organization\"},\"potentialAction\":[{\"@type\":\"SearchAction\",\"target\":{\"@type\":\"EntryPoint\",\"urlTemplate\":\"https:\/\/veveyspringclassic.ch\/en\/?s={search_term_string}\"},\"query-input\":{\"@type\":\"PropertyValueSpecification\",\"valueRequired\":true,\"valueName\":\"search_term_string\"}}],\"inLanguage\":\"en-US\"},{\"@type\":\"Organization\",\"@id\":\"https:\/\/veveyspringclassic.ch\/en\/#organization\",\"name\":\"Vevey Spring Classic\",\"url\":\"https:\/\/veveyspringclassic.ch\/en\/\",\"logo\":{\"@type\":\"ImageObject\",\"inLanguage\":\"en-US\",\"@id\":\"https:\/\/veveyspringclassic.ch\/en\/#\/schema\/logo\/image\/\",\"url\":\"https:\/\/veveyspringclassic.ch\/wp-content\/uploads\/2024\/06\/logo.png\",\"contentUrl\":\"https:\/\/veveyspringclassic.ch\/wp-content\/uploads\/2024\/06\/logo.png\",\"width\":1024,\"height\":1024,\"caption\":\"Vevey Spring Classic\"},\"image\":{\"@id\":\"https:\/\/veveyspringclassic.ch\/en\/#\/schema\/logo\/image\/\"},\"sameAs\":[\"https:\/\/www.facebook.com\/veveyspringclassic\/\"]}]}<\/script>\n<!-- \/ Yoast SEO plugin. -->","yoast_head_json":{"title":"team - Vevey Spring Classic","robots":{"index":"index","follow":"follow","max-snippet":"max-snippet:-1","max-image-preview":"max-image-preview:large","max-video-preview":"max-video-preview:-1"},"canonical":"https:\/\/veveyspringclassic.ch\/en\/organization\/","og_locale":"en_US","og_type":"article","og_title":"team - Vevey Spring Classic","og_description":"General Information:&nbsp;info@veveyspringclassic.ch Wilson HermantoCo-Artistic Directorwilson.hermanto@veveyspringclassic.ch Daniel M\u00fcller-SchottCo-Artistic Directordaniel.muller-schott@veveyspringclassic.ch Elisabeth Mayer Secretary Generalbab.mayer@veveyspringclassic.ch Stanis\u0142aw SuchoraOperations Managerstanislaw.suchora@veveyspringclassic.ch El\u00e9onore GruffelSponsoringeleonore.gruffel@veveyspringclassic.ch James JacksonPresident Lionel VidoudezTreasurer Th\u00e9o DiblancStage Managertheo.diblanc@veveyspringclassic.ch Lenni Torgue, Alexis BazelaireStage Manager Assistants Sandra BernhardWebmaster Contact","og_url":"https:\/\/veveyspringclassic.ch\/en\/organization\/","og_site_name":"Vevey Spring Classic","article_publisher":"https:\/\/www.facebook.com\/veveyspringclassic\/","article_modified_time":"2026-03-05T17:08:35+00:00","og_image":[{"width":1024,"height":1024,"url":"https:\/\/veveyspringclassic.ch\/wp-content\/uploads\/2024\/06\/logo.png","type":"image\/png"}],"twitter_card":"summary_large_image","twitter_misc":{"Est. reading time":"1 minute"},"schema":{"@context":"https:\/\/schema.org","@graph":[{"@type":"WebPage","@id":"https:\/\/veveyspringclassic.ch\/en\/organization\/","url":"https:\/\/veveyspringclassic.ch\/en\/organization\/","name":"team - Vevey Spring Classic","isPartOf":{"@id":"https:\/\/veveyspringclassic.ch\/en\/#website"},"datePublished":"2020-12-15T12:26:25+00:00","dateModified":"2026-03-05T17:08:35+00:00","breadcrumb":{"@id":"https:\/\/veveyspringclassic.ch\/en\/organization\/#breadcrumb"},"inLanguage":"en-US","potentialAction":[{"@type":"ReadAction","target":["https:\/\/veveyspringclassic.ch\/en\/organization\/"]}]},{"@type":"BreadcrumbList","@id":"https:\/\/veveyspringclassic.ch\/en\/organization\/#breadcrumb","itemListElement":[{"@type":"ListItem","position":1,"name":"Home","item":"https:\/\/veveyspringclassic.ch\/en\/"},{"@type":"ListItem","position":2,"name":"team"}]},{"@type":"WebSite","@id":"https:\/\/veveyspringclassic.ch\/en\/#website","url":"https:\/\/veveyspringclassic.ch\/en\/","name":"Vevey Spring Classic","description":"","publisher":{"@id":"https:\/\/veveyspringclassic.ch\/en\/#organization"},"potentialAction":[{"@type":"SearchAction","target":{"@type":"EntryPoint","urlTemplate":"https:\/\/veveyspringclassic.ch\/en\/?s={search_term_string}"},"query-input":{"@type":"PropertyValueSpecification","valueRequired":true,"valueName":"search_term_string"}}],"inLanguage":"en-US"},{"@type":"Organization","@id":"https:\/\/veveyspringclassic.ch\/en\/#organization","name":"Vevey Spring Classic","url":"https:\/\/veveyspringclassic.ch\/en\/","logo":{"@type":"ImageObject","inLanguage":"en-US","@id":"https:\/\/veveyspringclassic.ch\/en\/#\/schema\/logo\/image\/","url":"https:\/\/veveyspringclassic.ch\/wp-content\/uploads\/2024\/06\/logo.png","contentUrl":"https:\/\/veveyspringclassic.ch\/wp-content\/uploads\/2024\/06\/logo.png","width":1024,"height":1024,"caption":"Vevey Spring Classic"},"image":{"@id":"https:\/\/veveyspringclassic.ch\/en\/#\/schema\/logo\/image\/"},"sameAs":["https:\/\/www.facebook.com\/veveyspringclassic\/"]}]}},"_links":{"self":[{"href":"https:\/\/veveyspringclassic.ch\/en\/wp-json\/wp\/v2\/pages\/209","targetHints":{"allow":["GET"]}}],"collection":[{"href":"https:\/\/veveyspringclassic.ch\/en\/wp-json\/wp\/v2\/pages"}],"about":[{"href":"https:\/\/veveyspringclassic.ch\/en\/wp-json\/wp\/v2\/types\/page"}],"author":[{"embeddable":true,"href":"https:\/\/veveyspringclassic.ch\/en\/wp-json\/wp\/v2\/users\/1"}],"replies":[{"embeddable":true,"href":"https:\/\/veveyspringclassic.ch\/en\/wp-json\/wp\/v2\/comments?post=209"}],"version-history":[{"count":50,"href":"https:\/\/veveyspringclassic.ch\/en\/wp-json\/wp\/v2\/pages\/209\/revisions"}],"predecessor-version":[{"id":8018,"href":"https:\/\/veveyspringclassic.ch\/en\/wp-json\/wp\/v2\/pages\/209\/revisions\/8018"}],"wp:attachment":[{"href":"https:\/\/veveyspringclassic.ch\/en\/wp-json\/wp\/v2\/media?parent=209"}],"curies":[{"name":"wp","href":"https:\/\/api.w.org\/{rel}","templated":true}]}}