{"id":1856,"date":"2021-10-24T18:56:53","date_gmt":"2021-10-24T16:56:53","guid":{"rendered":"https:\/\/veveyspringclassic.ch\/?page_id=1856"},"modified":"2021-10-24T19:04:34","modified_gmt":"2021-10-24T17:04:34","slug":"emmanuel-tjeknavorian","status":"publish","type":"page","link":"https:\/\/veveyspringclassic.ch\/en\/emmanuel-tjeknavorian\/","title":{"rendered":"Emmanuel Tjeknavorian"},"content":{"rendered":"\n<p class=\"has-normal-font-size\"><strong>violin<\/strong><\/p>\n\n\n\n<div class=\"wp-block-image\"><figure class=\"aligncenter size-full\"><img decoding=\"async\" width=\"480\" height=\"480\" src=\"https:\/\/veveyspringclassic.ch\/wp-content\/uploads\/2021\/10\/480_Emmanuel20Tjeknavorian-5585.jpg\" alt=\"\" class=\"wp-image-1821\" srcset=\"https:\/\/veveyspringclassic.ch\/wp-content\/uploads\/2021\/10\/480_Emmanuel20Tjeknavorian-5585.jpg 480w, https:\/\/veveyspringclassic.ch\/wp-content\/uploads\/2021\/10\/480_Emmanuel20Tjeknavorian-5585-300x300.jpg 300w, https:\/\/veveyspringclassic.ch\/wp-content\/uploads\/2021\/10\/480_Emmanuel20Tjeknavorian-5585-150x150.jpg 150w\" sizes=\"(max-width: 480px) 100vw, 480px\" \/><\/figure><\/div>\n\n\n\n<p>Despite his young age, Emmanuel Tjeknavorian is already one of the great artists of his generation.&nbsp; The Austrian, born in 1995, inspires audiences and critics with his depth, his technical brilliance and his great versatility. He has made a name for himself both as a violinist and as a conductor \u2013 he is simply \u201can exceptional talent,\u201d as the Tagesspiegel attested. Radio Klassik Stephansdom recognized Tjeknavorian\u2019s strengths as an eloquent music communicator early on; since 2017, he has been hosting his own show there, \u201cDer Klassik-Tjek.\u201d Tjeknavorian\u2019s musical family heritage is also of note: as the son of composer and conductor Loris Tjeknavorian, Emmanuel has been making music from an early age and combines musical as well as cultural worlds in his art.<\/p>\n\n\n\n<p>The fact that Emmanuel Tjeknavorian is a musician of unique subtlety and intellectual depth has also spread to the important international concert halls and orchestras, and so in the 2020\/21 season, for example, he made his conducting debut not only with the Tonk\u00fcnstler Orchestra, but also with the Camerata Salzburg and the Sinfonieorchester Basel. Having already taken conducting lessons with his father, composer and conductor Loris Tjeknavorian since 2014, and attended master classes in England and Italy, Tjeknavorian intends to focus more on conducting in the future. As a soloist, Tjeknavorian will appear with the Nederlands Philharmonisch Orkest at the Concertgebouw, the Royal Stockholm Philharmonic Orchestra, the WDR Sinfonieorchester, the Orquesta Sinf\u00f3nica de Radio Televisi\u00f3n Espa\u00f1ola, the Gewandhausorchester under Franz Welser-M\u00f6st and several others.<\/p>\n\n\n\n<p>As the youngest Artist in Residence in the history of the Vienna Musikverein, Tjeknavorian created his own cycle at the tradition-steeped house last season. He also returned to the Konzerthaus Dortmund as a \u00abRising Star\u00bb and made his debut as a conductor at the Vienna Konzerthaus with the Vienna Chamber Orchestra. Also a \u00abRising Star\u00bb of the European Concert Hall Organisation, a \u00abGreat Talent\u00bb of the Vienna Konzerthaus and a protege of the Orpheum Foundation in Z\u00fcrich, he has performed in Europe\u2019s most prestigious concert halls.<\/p>\n\n\n\n<p>Tjeknavorian regularly performs with the world\u2019s great ensembles and orchestras, including the Mahler Chamber Orchestra, the London Symphony Orchestra, the Tonhalle Orchestra Z\u00fcrich and the Deutsches Symphonie-Orchester Berlin. He is also a frequent guest at international classical music festivals, including the Enescu Festival in Bucharest, Grafenegg Festival, Rheingau Music Festival and the Mecklenburg-Vorpommern Festival.<\/p>\n\n\n\n<p>Particularly significant were his performances at the Salzburg Mozart Week and at the Festival de Paques in Aix-en-Provence, where he played Mozart\u2019s own \u201cCosta violin\u201d.<\/p>\n\n\n\n<p>As part of a new exclusive contract with Berlin Classics, Emmanuel Tjeknavorian\u2019s second album was released in February 2020, featuring the violin concertos of Jean Sibelius and Loris Tjeknavorian, recorded with the hr Symphonieorchester under Pablo Gonzales. His debut album, \u201cSolo\u201d released on Sony Classical, was met with high acclaim and received the OPUS Klassik in 2018.<\/p>\n\n\n\n<p>Emmanuel Tjeknavorian plays on a violin by Antonio Stradivari, Cremona, 1698, kindly provided to him by a patron of London\u2019s \u201cBeare\u2019s International Violin Society\u201d.<\/p>\n\n\n\n<p><a href=\"https:\/\/www.emmanueltjeknavorian.com\">https:\/\/www.emmanueltjeknavorian.com<\/a><\/p>\n","protected":false},"excerpt":{"rendered":"<p>violin Despite his young age, Emmanuel Tjeknavorian is already one of the great artists of his generation.&nbsp; The Austrian, born in 1995, inspires audiences and critics with his depth, his technical brilliance and his great versatility. He has made a name for himself both as a violinist and as a conductor \u2013 he is simply [&hellip;]<\/p>\n","protected":false},"author":4,"featured_media":0,"parent":0,"menu_order":0,"comment_status":"closed","ping_status":"closed","template":"","meta":{"_acf_changed":false,"footnotes":""},"class_list":["post-1856","page","type-page","status-publish","hentry"],"acf":[],"yoast_head":"<!-- This site is optimized with the Yoast SEO plugin v27.3 - https:\/\/yoast.com\/product\/yoast-seo-wordpress\/ -->\n<title>Emmanuel Tjeknavorian - Vevey Spring Classic<\/title>\n<meta name=\"robots\" content=\"index, follow, max-snippet:-1, max-image-preview:large, max-video-preview:-1\" \/>\n<link rel=\"canonical\" href=\"https:\/\/veveyspringclassic.ch\/en\/emmanuel-tjeknavorian\/\" \/>\n<meta property=\"og:locale\" content=\"en_US\" \/>\n<meta property=\"og:type\" content=\"article\" \/>\n<meta property=\"og:title\" content=\"Emmanuel Tjeknavorian - Vevey Spring Classic\" \/>\n<meta property=\"og:description\" content=\"violin Despite his young age, Emmanuel Tjeknavorian is already one of the great artists of his generation.&nbsp; The Austrian, born in 1995, inspires audiences and critics with his depth, his technical brilliance and his great versatility. He has made a name for himself both as a violinist and as a conductor \u2013 he is simply [&hellip;]\" \/>\n<meta property=\"og:url\" content=\"https:\/\/veveyspringclassic.ch\/en\/emmanuel-tjeknavorian\/\" \/>\n<meta property=\"og:site_name\" content=\"Vevey Spring Classic\" \/>\n<meta property=\"article:publisher\" content=\"https:\/\/www.facebook.com\/veveyspringclassic\/\" \/>\n<meta property=\"article:modified_time\" content=\"2021-10-24T17:04:34+00:00\" \/>\n<meta property=\"og:image\" content=\"https:\/\/veveyspringclassic.ch\/wp-content\/uploads\/2021\/10\/480_Emmanuel20Tjeknavorian-5585.jpg\" \/>\n<meta name=\"twitter:card\" content=\"summary_large_image\" \/>\n<meta name=\"twitter:label1\" content=\"Est. reading time\" \/>\n\t<meta name=\"twitter:data1\" content=\"3 minutes\" \/>\n<script type=\"application\/ld+json\" class=\"yoast-schema-graph\">{\"@context\":\"https:\\\/\\\/schema.org\",\"@graph\":[{\"@type\":\"WebPage\",\"@id\":\"https:\\\/\\\/veveyspringclassic.ch\\\/en\\\/emmanuel-tjeknavorian\\\/\",\"url\":\"https:\\\/\\\/veveyspringclassic.ch\\\/en\\\/emmanuel-tjeknavorian\\\/\",\"name\":\"Emmanuel Tjeknavorian - Vevey Spring Classic\",\"isPartOf\":{\"@id\":\"https:\\\/\\\/veveyspringclassic.ch\\\/en\\\/#website\"},\"primaryImageOfPage\":{\"@id\":\"https:\\\/\\\/veveyspringclassic.ch\\\/en\\\/emmanuel-tjeknavorian\\\/#primaryimage\"},\"image\":{\"@id\":\"https:\\\/\\\/veveyspringclassic.ch\\\/en\\\/emmanuel-tjeknavorian\\\/#primaryimage\"},\"thumbnailUrl\":\"https:\\\/\\\/veveyspringclassic.ch\\\/wp-content\\\/uploads\\\/2021\\\/10\\\/480_Emmanuel20Tjeknavorian-5585.jpg\",\"datePublished\":\"2021-10-24T16:56:53+00:00\",\"dateModified\":\"2021-10-24T17:04:34+00:00\",\"breadcrumb\":{\"@id\":\"https:\\\/\\\/veveyspringclassic.ch\\\/en\\\/emmanuel-tjeknavorian\\\/#breadcrumb\"},\"inLanguage\":\"en-US\",\"potentialAction\":[{\"@type\":\"ReadAction\",\"target\":[\"https:\\\/\\\/veveyspringclassic.ch\\\/en\\\/emmanuel-tjeknavorian\\\/\"]}]},{\"@type\":\"ImageObject\",\"inLanguage\":\"en-US\",\"@id\":\"https:\\\/\\\/veveyspringclassic.ch\\\/en\\\/emmanuel-tjeknavorian\\\/#primaryimage\",\"url\":\"https:\\\/\\\/veveyspringclassic.ch\\\/wp-content\\\/uploads\\\/2021\\\/10\\\/480_Emmanuel20Tjeknavorian-5585.jpg\",\"contentUrl\":\"https:\\\/\\\/veveyspringclassic.ch\\\/wp-content\\\/uploads\\\/2021\\\/10\\\/480_Emmanuel20Tjeknavorian-5585.jpg\"},{\"@type\":\"BreadcrumbList\",\"@id\":\"https:\\\/\\\/veveyspringclassic.ch\\\/en\\\/emmanuel-tjeknavorian\\\/#breadcrumb\",\"itemListElement\":[{\"@type\":\"ListItem\",\"position\":1,\"name\":\"Home\",\"item\":\"https:\\\/\\\/veveyspringclassic.ch\\\/en\\\/\"},{\"@type\":\"ListItem\",\"position\":2,\"name\":\"Emmanuel Tjeknavorian\"}]},{\"@type\":\"WebSite\",\"@id\":\"https:\\\/\\\/veveyspringclassic.ch\\\/en\\\/#website\",\"url\":\"https:\\\/\\\/veveyspringclassic.ch\\\/en\\\/\",\"name\":\"Vevey Spring Classic\",\"description\":\"\",\"publisher\":{\"@id\":\"https:\\\/\\\/veveyspringclassic.ch\\\/en\\\/#organization\"},\"potentialAction\":[{\"@type\":\"SearchAction\",\"target\":{\"@type\":\"EntryPoint\",\"urlTemplate\":\"https:\\\/\\\/veveyspringclassic.ch\\\/en\\\/?s={search_term_string}\"},\"query-input\":{\"@type\":\"PropertyValueSpecification\",\"valueRequired\":true,\"valueName\":\"search_term_string\"}}],\"inLanguage\":\"en-US\"},{\"@type\":\"Organization\",\"@id\":\"https:\\\/\\\/veveyspringclassic.ch\\\/en\\\/#organization\",\"name\":\"Vevey Spring Classic\",\"url\":\"https:\\\/\\\/veveyspringclassic.ch\\\/en\\\/\",\"logo\":{\"@type\":\"ImageObject\",\"inLanguage\":\"en-US\",\"@id\":\"https:\\\/\\\/veveyspringclassic.ch\\\/en\\\/#\\\/schema\\\/logo\\\/image\\\/\",\"url\":\"https:\\\/\\\/veveyspringclassic.ch\\\/wp-content\\\/uploads\\\/2024\\\/06\\\/logo.png\",\"contentUrl\":\"https:\\\/\\\/veveyspringclassic.ch\\\/wp-content\\\/uploads\\\/2024\\\/06\\\/logo.png\",\"width\":1024,\"height\":1024,\"caption\":\"Vevey Spring Classic\"},\"image\":{\"@id\":\"https:\\\/\\\/veveyspringclassic.ch\\\/en\\\/#\\\/schema\\\/logo\\\/image\\\/\"},\"sameAs\":[\"https:\\\/\\\/www.facebook.com\\\/veveyspringclassic\\\/\"]}]}<\/script>\n<!-- \/ Yoast SEO plugin. -->","yoast_head_json":{"title":"Emmanuel Tjeknavorian - Vevey Spring Classic","robots":{"index":"index","follow":"follow","max-snippet":"max-snippet:-1","max-image-preview":"max-image-preview:large","max-video-preview":"max-video-preview:-1"},"canonical":"https:\/\/veveyspringclassic.ch\/en\/emmanuel-tjeknavorian\/","og_locale":"en_US","og_type":"article","og_title":"Emmanuel Tjeknavorian - Vevey Spring Classic","og_description":"violin Despite his young age, Emmanuel Tjeknavorian is already one of the great artists of his generation.&nbsp; The Austrian, born in 1995, inspires audiences and critics with his depth, his technical brilliance and his great versatility. He has made a name for himself both as a violinist and as a conductor \u2013 he is simply [&hellip;]","og_url":"https:\/\/veveyspringclassic.ch\/en\/emmanuel-tjeknavorian\/","og_site_name":"Vevey Spring Classic","article_publisher":"https:\/\/www.facebook.com\/veveyspringclassic\/","article_modified_time":"2021-10-24T17:04:34+00:00","og_image":[{"url":"https:\/\/veveyspringclassic.ch\/wp-content\/uploads\/2021\/10\/480_Emmanuel20Tjeknavorian-5585.jpg","type":"","width":"","height":""}],"twitter_card":"summary_large_image","twitter_misc":{"Est. reading time":"3 minutes"},"schema":{"@context":"https:\/\/schema.org","@graph":[{"@type":"WebPage","@id":"https:\/\/veveyspringclassic.ch\/en\/emmanuel-tjeknavorian\/","url":"https:\/\/veveyspringclassic.ch\/en\/emmanuel-tjeknavorian\/","name":"Emmanuel Tjeknavorian - Vevey Spring Classic","isPartOf":{"@id":"https:\/\/veveyspringclassic.ch\/en\/#website"},"primaryImageOfPage":{"@id":"https:\/\/veveyspringclassic.ch\/en\/emmanuel-tjeknavorian\/#primaryimage"},"image":{"@id":"https:\/\/veveyspringclassic.ch\/en\/emmanuel-tjeknavorian\/#primaryimage"},"thumbnailUrl":"https:\/\/veveyspringclassic.ch\/wp-content\/uploads\/2021\/10\/480_Emmanuel20Tjeknavorian-5585.jpg","datePublished":"2021-10-24T16:56:53+00:00","dateModified":"2021-10-24T17:04:34+00:00","breadcrumb":{"@id":"https:\/\/veveyspringclassic.ch\/en\/emmanuel-tjeknavorian\/#breadcrumb"},"inLanguage":"en-US","potentialAction":[{"@type":"ReadAction","target":["https:\/\/veveyspringclassic.ch\/en\/emmanuel-tjeknavorian\/"]}]},{"@type":"ImageObject","inLanguage":"en-US","@id":"https:\/\/veveyspringclassic.ch\/en\/emmanuel-tjeknavorian\/#primaryimage","url":"https:\/\/veveyspringclassic.ch\/wp-content\/uploads\/2021\/10\/480_Emmanuel20Tjeknavorian-5585.jpg","contentUrl":"https:\/\/veveyspringclassic.ch\/wp-content\/uploads\/2021\/10\/480_Emmanuel20Tjeknavorian-5585.jpg"},{"@type":"BreadcrumbList","@id":"https:\/\/veveyspringclassic.ch\/en\/emmanuel-tjeknavorian\/#breadcrumb","itemListElement":[{"@type":"ListItem","position":1,"name":"Home","item":"https:\/\/veveyspringclassic.ch\/en\/"},{"@type":"ListItem","position":2,"name":"Emmanuel Tjeknavorian"}]},{"@type":"WebSite","@id":"https:\/\/veveyspringclassic.ch\/en\/#website","url":"https:\/\/veveyspringclassic.ch\/en\/","name":"Vevey Spring Classic","description":"","publisher":{"@id":"https:\/\/veveyspringclassic.ch\/en\/#organization"},"potentialAction":[{"@type":"SearchAction","target":{"@type":"EntryPoint","urlTemplate":"https:\/\/veveyspringclassic.ch\/en\/?s={search_term_string}"},"query-input":{"@type":"PropertyValueSpecification","valueRequired":true,"valueName":"search_term_string"}}],"inLanguage":"en-US"},{"@type":"Organization","@id":"https:\/\/veveyspringclassic.ch\/en\/#organization","name":"Vevey Spring Classic","url":"https:\/\/veveyspringclassic.ch\/en\/","logo":{"@type":"ImageObject","inLanguage":"en-US","@id":"https:\/\/veveyspringclassic.ch\/en\/#\/schema\/logo\/image\/","url":"https:\/\/veveyspringclassic.ch\/wp-content\/uploads\/2024\/06\/logo.png","contentUrl":"https:\/\/veveyspringclassic.ch\/wp-content\/uploads\/2024\/06\/logo.png","width":1024,"height":1024,"caption":"Vevey Spring Classic"},"image":{"@id":"https:\/\/veveyspringclassic.ch\/en\/#\/schema\/logo\/image\/"},"sameAs":["https:\/\/www.facebook.com\/veveyspringclassic\/"]}]}},"_links":{"self":[{"href":"https:\/\/veveyspringclassic.ch\/en\/wp-json\/wp\/v2\/pages\/1856","targetHints":{"allow":["GET"]}}],"collection":[{"href":"https:\/\/veveyspringclassic.ch\/en\/wp-json\/wp\/v2\/pages"}],"about":[{"href":"https:\/\/veveyspringclassic.ch\/en\/wp-json\/wp\/v2\/types\/page"}],"author":[{"embeddable":true,"href":"https:\/\/veveyspringclassic.ch\/en\/wp-json\/wp\/v2\/users\/4"}],"replies":[{"embeddable":true,"href":"https:\/\/veveyspringclassic.ch\/en\/wp-json\/wp\/v2\/comments?post=1856"}],"version-history":[{"count":3,"href":"https:\/\/veveyspringclassic.ch\/en\/wp-json\/wp\/v2\/pages\/1856\/revisions"}],"predecessor-version":[{"id":1862,"href":"https:\/\/veveyspringclassic.ch\/en\/wp-json\/wp\/v2\/pages\/1856\/revisions\/1862"}],"wp:attachment":[{"href":"https:\/\/veveyspringclassic.ch\/en\/wp-json\/wp\/v2\/media?parent=1856"}],"curies":[{"name":"wp","href":"https:\/\/api.w.org\/{rel}","templated":true}]}}